{"id":37,"date":"2020-08-07T15:50:50","date_gmt":"2020-08-07T13:50:50","guid":{"rendered":"https:\/\/dev.orchid-thai-house.de\/?page_id=37"},"modified":"2024-12-01T19:25:07","modified_gmt":"2024-12-01T17:25:07","slug":"das-orchid","status":"publish","type":"page","link":"https:\/\/orchid-thai-house.de\/","title":{"rendered":"Das Orchid"},"content":{"rendered":"\n<p class=\"has-text-align-center\"><em>Das Orchid Thai House ist ein kleines gem\u00fctliches Restaurant mit thail\u00e4ndischer K\u00fcche.<\/em><\/p>\n\n\n\n<p class=\"has-text-align-center\"><em>Sie finden uns in Wolfsburg, Willy-Brandt-Platz 4.<\/em><br><em>An diesem Standort bewirten wir bereits einige Jahre neben unseren treuen Stammg\u00e4sten auch viel Laufkundschaft durch den nahliegenden Wolfsburger HBF.<\/em><\/p>\n\n\n\n<p class=\"has-text-align-center\"><em>F\u00fcr ein Essen mit Gesch\u00e4ftspartnern, Kunden, Kollegen oder f\u00fcr ein geselliges Abendessen mit Freunden oder Familie sind wir bestens geeignet.<\/em><\/p>\n\n\n\n<p class=\"has-text-align-center\"><em>Lassen Sie sich von unserem K\u00fcchen- und Service-Team in die aufregende Geschmackswelt des Land des L\u00e4chelns entf\u00fchren.<\/em><\/p>\n\n\n\n<p class=\"has-text-align-center\"><em>Verw\u00f6hnen Sie sich und Ihren Magen mit ein wenig Urlaub.<\/em><br><em>Wir freuen uns auf Ihren Besuch.<\/em><\/p>\n\n\n\n<figure class=\"wp-block-gallery has-nested-images columns-default is-cropped wp-block-gallery-1 is-layout-flex wp-block-gallery-is-layout-flex\">\n<figure class=\"wp-block-image size-large\"><img loading=\"lazy\" decoding=\"async\" width=\"1024\" height=\"320\" data-id=\"76\" src=\"https:\/\/orchid-thai-house.de\/wp-content\/uploads\/2020\/08\/cropped-slider-02-scaled-1-1024x320.jpg\" alt=\"\" class=\"wp-image-76\" srcset=\"https:\/\/orchid-thai-house.de\/wp-content\/uploads\/2020\/08\/cropped-slider-02-scaled-1-1024x320.jpg 1024w, https:\/\/orchid-thai-house.de\/wp-content\/uploads\/2020\/08\/cropped-slider-02-scaled-1-300x94.jpg 300w, https:\/\/orchid-thai-house.de\/wp-content\/uploads\/2020\/08\/cropped-slider-02-scaled-1-768x240.jpg 768w, https:\/\/orchid-thai-house.de\/wp-content\/uploads\/2020\/08\/cropped-slider-02-scaled-1-1536x480.jpg 1536w, https:\/\/orchid-thai-house.de\/wp-content\/uploads\/2020\/08\/cropped-slider-02-scaled-1-830x259.jpg 830w, https:\/\/orchid-thai-house.de\/wp-content\/uploads\/2020\/08\/cropped-slider-02-scaled-1-230x72.jpg 230w, https:\/\/orchid-thai-house.de\/wp-content\/uploads\/2020\/08\/cropped-slider-02-scaled-1-350x109.jpg 350w, https:\/\/orchid-thai-house.de\/wp-content\/uploads\/2020\/08\/cropped-slider-02-scaled-1-480x150.jpg 480w, https:\/\/orchid-thai-house.de\/wp-content\/uploads\/2020\/08\/cropped-slider-02-scaled-1.jpg 1920w\" sizes=\"auto, (max-width: 1024px) 100vw, 1024px\" \/><\/figure>\n\n\n\n<figure class=\"wp-block-image size-large\"><img loading=\"lazy\" decoding=\"async\" width=\"1024\" height=\"680\" data-id=\"30\" src=\"https:\/\/orchid-thai-house.de\/wp-content\/uploads\/2020\/08\/slider-09-1024x680.jpg\" alt=\"\" class=\"wp-image-30\" srcset=\"https:\/\/orchid-thai-house.de\/wp-content\/uploads\/2020\/08\/slider-09-1024x680.jpg 1024w, https:\/\/orchid-thai-house.de\/wp-content\/uploads\/2020\/08\/slider-09-300x199.jpg 300w, https:\/\/orchid-thai-house.de\/wp-content\/uploads\/2020\/08\/slider-09-768x510.jpg 768w, https:\/\/orchid-thai-house.de\/wp-content\/uploads\/2020\/08\/slider-09-1536x1020.jpg 1536w, https:\/\/orchid-thai-house.de\/wp-content\/uploads\/2020\/08\/slider-09-2048x1360.jpg 2048w, https:\/\/orchid-thai-house.de\/wp-content\/uploads\/2020\/08\/slider-09-830x551.jpg 830w, https:\/\/orchid-thai-house.de\/wp-content\/uploads\/2020\/08\/slider-09-230x153.jpg 230w, https:\/\/orchid-thai-house.de\/wp-content\/uploads\/2020\/08\/slider-09-350x232.jpg 350w, https:\/\/orchid-thai-house.de\/wp-content\/uploads\/2020\/08\/slider-09-480x319.jpg 480w\" sizes=\"auto, (max-width: 1024px) 100vw, 1024px\" \/><\/figure>\n\n\n\n<figure class=\"wp-block-image size-large\"><img loading=\"lazy\" decoding=\"async\" width=\"1024\" height=\"680\" data-id=\"29\" src=\"https:\/\/orchid-thai-house.de\/wp-content\/uploads\/2020\/08\/slider-08-1024x680.jpg\" alt=\"\" class=\"wp-image-29\" srcset=\"https:\/\/orchid-thai-house.de\/wp-content\/uploads\/2020\/08\/slider-08-1024x680.jpg 1024w, https:\/\/orchid-thai-house.de\/wp-content\/uploads\/2020\/08\/slider-08-300x199.jpg 300w, https:\/\/orchid-thai-house.de\/wp-content\/uploads\/2020\/08\/slider-08-768x510.jpg 768w, https:\/\/orchid-thai-house.de\/wp-content\/uploads\/2020\/08\/slider-08-1536x1020.jpg 1536w, https:\/\/orchid-thai-house.de\/wp-content\/uploads\/2020\/08\/slider-08-2048x1360.jpg 2048w, https:\/\/orchid-thai-house.de\/wp-content\/uploads\/2020\/08\/slider-08-830x551.jpg 830w, https:\/\/orchid-thai-house.de\/wp-content\/uploads\/2020\/08\/slider-08-230x153.jpg 230w, https:\/\/orchid-thai-house.de\/wp-content\/uploads\/2020\/08\/slider-08-350x232.jpg 350w, https:\/\/orchid-thai-house.de\/wp-content\/uploads\/2020\/08\/slider-08-480x319.jpg 480w\" sizes=\"auto, (max-width: 1024px) 100vw, 1024px\" \/><\/figure>\n\n\n\n<figure class=\"wp-block-image size-large\"><img loading=\"lazy\" decoding=\"async\" width=\"1024\" height=\"680\" data-id=\"28\" src=\"https:\/\/orchid-thai-house.de\/wp-content\/uploads\/2020\/08\/slider-07-1024x680.jpg\" alt=\"\" class=\"wp-image-28\" srcset=\"https:\/\/orchid-thai-house.de\/wp-content\/uploads\/2020\/08\/slider-07-1024x680.jpg 1024w, https:\/\/orchid-thai-house.de\/wp-content\/uploads\/2020\/08\/slider-07-300x199.jpg 300w, https:\/\/orchid-thai-house.de\/wp-content\/uploads\/2020\/08\/slider-07-768x510.jpg 768w, https:\/\/orchid-thai-house.de\/wp-content\/uploads\/2020\/08\/slider-07-1536x1020.jpg 1536w, https:\/\/orchid-thai-house.de\/wp-content\/uploads\/2020\/08\/slider-07-2048x1360.jpg 2048w, https:\/\/orchid-thai-house.de\/wp-content\/uploads\/2020\/08\/slider-07-830x551.jpg 830w, https:\/\/orchid-thai-house.de\/wp-content\/uploads\/2020\/08\/slider-07-230x153.jpg 230w, https:\/\/orchid-thai-house.de\/wp-content\/uploads\/2020\/08\/slider-07-350x232.jpg 350w, https:\/\/orchid-thai-house.de\/wp-content\/uploads\/2020\/08\/slider-07-480x319.jpg 480w\" sizes=\"auto, (max-width: 1024px) 100vw, 1024px\" \/><\/figure>\n\n\n\n<figure class=\"wp-block-image size-large\"><img loading=\"lazy\" decoding=\"async\" width=\"680\" height=\"1024\" data-id=\"27\" src=\"https:\/\/orchid-thai-house.de\/wp-content\/uploads\/2020\/08\/slider-06-680x1024.jpg\" alt=\"\" class=\"wp-image-27\" srcset=\"https:\/\/orchid-thai-house.de\/wp-content\/uploads\/2020\/08\/slider-06-680x1024.jpg 680w, https:\/\/orchid-thai-house.de\/wp-content\/uploads\/2020\/08\/slider-06-199x300.jpg 199w, https:\/\/orchid-thai-house.de\/wp-content\/uploads\/2020\/08\/slider-06-768x1156.jpg 768w, https:\/\/orchid-thai-house.de\/wp-content\/uploads\/2020\/08\/slider-06-1020x1536.jpg 1020w, https:\/\/orchid-thai-house.de\/wp-content\/uploads\/2020\/08\/slider-06-1360x2048.jpg 1360w, https:\/\/orchid-thai-house.de\/wp-content\/uploads\/2020\/08\/slider-06-830x1250.jpg 830w, https:\/\/orchid-thai-house.de\/wp-content\/uploads\/2020\/08\/slider-06-230x346.jpg 230w, https:\/\/orchid-thai-house.de\/wp-content\/uploads\/2020\/08\/slider-06-350x527.jpg 350w, https:\/\/orchid-thai-house.de\/wp-content\/uploads\/2020\/08\/slider-06-480x723.jpg 480w, https:\/\/orchid-thai-house.de\/wp-content\/uploads\/2020\/08\/slider-06-scaled.jpg 1700w\" sizes=\"auto, (max-width: 680px) 100vw, 680px\" \/><\/figure>\n\n\n\n<figure class=\"wp-block-image size-large\"><img loading=\"lazy\" decoding=\"async\" width=\"1024\" height=\"680\" data-id=\"26\" src=\"https:\/\/orchid-thai-house.de\/wp-content\/uploads\/2020\/08\/slider-05-1024x680.jpg\" alt=\"\" class=\"wp-image-26\" srcset=\"https:\/\/orchid-thai-house.de\/wp-content\/uploads\/2020\/08\/slider-05-1024x680.jpg 1024w, https:\/\/orchid-thai-house.de\/wp-content\/uploads\/2020\/08\/slider-05-300x199.jpg 300w, https:\/\/orchid-thai-house.de\/wp-content\/uploads\/2020\/08\/slider-05-768x510.jpg 768w, https:\/\/orchid-thai-house.de\/wp-content\/uploads\/2020\/08\/slider-05-1536x1020.jpg 1536w, https:\/\/orchid-thai-house.de\/wp-content\/uploads\/2020\/08\/slider-05-2048x1360.jpg 2048w, https:\/\/orchid-thai-house.de\/wp-content\/uploads\/2020\/08\/slider-05-830x551.jpg 830w, https:\/\/orchid-thai-house.de\/wp-content\/uploads\/2020\/08\/slider-05-230x153.jpg 230w, https:\/\/orchid-thai-house.de\/wp-content\/uploads\/2020\/08\/slider-05-350x232.jpg 350w, https:\/\/orchid-thai-house.de\/wp-content\/uploads\/2020\/08\/slider-05-480x319.jpg 480w\" sizes=\"auto, (max-width: 1024px) 100vw, 1024px\" \/><\/figure>\n\n\n\n<figure class=\"wp-block-image size-large\"><img loading=\"lazy\" decoding=\"async\" width=\"1024\" height=\"680\" data-id=\"25\" src=\"https:\/\/orchid-thai-house.de\/wp-content\/uploads\/2020\/08\/slider-04-1024x680.jpg\" alt=\"\" class=\"wp-image-25\" srcset=\"https:\/\/orchid-thai-house.de\/wp-content\/uploads\/2020\/08\/slider-04-1024x680.jpg 1024w, https:\/\/orchid-thai-house.de\/wp-content\/uploads\/2020\/08\/slider-04-300x199.jpg 300w, https:\/\/orchid-thai-house.de\/wp-content\/uploads\/2020\/08\/slider-04-768x510.jpg 768w, https:\/\/orchid-thai-house.de\/wp-content\/uploads\/2020\/08\/slider-04-1536x1020.jpg 1536w, https:\/\/orchid-thai-house.de\/wp-content\/uploads\/2020\/08\/slider-04-2048x1360.jpg 2048w, https:\/\/orchid-thai-house.de\/wp-content\/uploads\/2020\/08\/slider-04-830x551.jpg 830w, https:\/\/orchid-thai-house.de\/wp-content\/uploads\/2020\/08\/slider-04-230x153.jpg 230w, https:\/\/orchid-thai-house.de\/wp-content\/uploads\/2020\/08\/slider-04-350x232.jpg 350w, https:\/\/orchid-thai-house.de\/wp-content\/uploads\/2020\/08\/slider-04-480x319.jpg 480w\" sizes=\"auto, (max-width: 1024px) 100vw, 1024px\" \/><\/figure>\n\n\n\n<figure class=\"wp-block-image size-large\"><img loading=\"lazy\" decoding=\"async\" width=\"1024\" height=\"680\" data-id=\"24\" src=\"https:\/\/orchid-thai-house.de\/wp-content\/uploads\/2020\/08\/slider-03-1024x680.jpg\" alt=\"\" class=\"wp-image-24\" srcset=\"https:\/\/orchid-thai-house.de\/wp-content\/uploads\/2020\/08\/slider-03-1024x680.jpg 1024w, https:\/\/orchid-thai-house.de\/wp-content\/uploads\/2020\/08\/slider-03-300x199.jpg 300w, https:\/\/orchid-thai-house.de\/wp-content\/uploads\/2020\/08\/slider-03-768x510.jpg 768w, https:\/\/orchid-thai-house.de\/wp-content\/uploads\/2020\/08\/slider-03-1536x1020.jpg 1536w, https:\/\/orchid-thai-house.de\/wp-content\/uploads\/2020\/08\/slider-03-2048x1360.jpg 2048w, https:\/\/orchid-thai-house.de\/wp-content\/uploads\/2020\/08\/slider-03-830x551.jpg 830w, https:\/\/orchid-thai-house.de\/wp-content\/uploads\/2020\/08\/slider-03-230x153.jpg 230w, https:\/\/orchid-thai-house.de\/wp-content\/uploads\/2020\/08\/slider-03-350x232.jpg 350w, https:\/\/orchid-thai-house.de\/wp-content\/uploads\/2020\/08\/slider-03-480x319.jpg 480w\" sizes=\"auto, (max-width: 1024px) 100vw, 1024px\" \/><\/figure>\n\n\n\n<figure class=\"wp-block-image size-large\"><img loading=\"lazy\" decoding=\"async\" width=\"1024\" height=\"680\" data-id=\"23\" src=\"https:\/\/orchid-thai-house.de\/wp-content\/uploads\/2020\/08\/slider-02-1024x680.jpg\" alt=\"\" class=\"wp-image-23\" srcset=\"https:\/\/orchid-thai-house.de\/wp-content\/uploads\/2020\/08\/slider-02-1024x680.jpg 1024w, https:\/\/orchid-thai-house.de\/wp-content\/uploads\/2020\/08\/slider-02-300x199.jpg 300w, https:\/\/orchid-thai-house.de\/wp-content\/uploads\/2020\/08\/slider-02-768x510.jpg 768w, https:\/\/orchid-thai-house.de\/wp-content\/uploads\/2020\/08\/slider-02-1536x1020.jpg 1536w, https:\/\/orchid-thai-house.de\/wp-content\/uploads\/2020\/08\/slider-02-2048x1360.jpg 2048w, https:\/\/orchid-thai-house.de\/wp-content\/uploads\/2020\/08\/slider-02-830x551.jpg 830w, https:\/\/orchid-thai-house.de\/wp-content\/uploads\/2020\/08\/slider-02-230x153.jpg 230w, https:\/\/orchid-thai-house.de\/wp-content\/uploads\/2020\/08\/slider-02-350x232.jpg 350w, https:\/\/orchid-thai-house.de\/wp-content\/uploads\/2020\/08\/slider-02-480x319.jpg 480w\" sizes=\"auto, (max-width: 1024px) 100vw, 1024px\" \/><\/figure>\n\n\n\n<figure class=\"wp-block-image size-large\"><img loading=\"lazy\" decoding=\"async\" width=\"1024\" height=\"680\" data-id=\"21\" src=\"https:\/\/orchid-thai-house.de\/wp-content\/uploads\/2020\/08\/slider-10-1024x680.jpg\" alt=\"\" class=\"wp-image-21\" srcset=\"https:\/\/orchid-thai-house.de\/wp-content\/uploads\/2020\/08\/slider-10-1024x680.jpg 1024w, https:\/\/orchid-thai-house.de\/wp-content\/uploads\/2020\/08\/slider-10-300x199.jpg 300w, https:\/\/orchid-thai-house.de\/wp-content\/uploads\/2020\/08\/slider-10-768x510.jpg 768w, https:\/\/orchid-thai-house.de\/wp-content\/uploads\/2020\/08\/slider-10-1536x1020.jpg 1536w, https:\/\/orchid-thai-house.de\/wp-content\/uploads\/2020\/08\/slider-10-2048x1360.jpg 2048w, https:\/\/orchid-thai-house.de\/wp-content\/uploads\/2020\/08\/slider-10-830x551.jpg 830w, https:\/\/orchid-thai-house.de\/wp-content\/uploads\/2020\/08\/slider-10-230x153.jpg 230w, https:\/\/orchid-thai-house.de\/wp-content\/uploads\/2020\/08\/slider-10-350x232.jpg 350w, https:\/\/orchid-thai-house.de\/wp-content\/uploads\/2020\/08\/slider-10-480x319.jpg 480w\" sizes=\"auto, (max-width: 1024px) 100vw, 1024px\" \/><\/figure>\n\n\n\n<figure class=\"wp-block-image size-large\"><img loading=\"lazy\" decoding=\"async\" width=\"1024\" height=\"680\" data-id=\"20\" src=\"https:\/\/orchid-thai-house.de\/wp-content\/uploads\/2020\/08\/slider-01-1024x680.jpg\" alt=\"\" class=\"wp-image-20\" srcset=\"https:\/\/orchid-thai-house.de\/wp-content\/uploads\/2020\/08\/slider-01-1024x680.jpg 1024w, https:\/\/orchid-thai-house.de\/wp-content\/uploads\/2020\/08\/slider-01-300x199.jpg 300w, https:\/\/orchid-thai-house.de\/wp-content\/uploads\/2020\/08\/slider-01-768x510.jpg 768w, https:\/\/orchid-thai-house.de\/wp-content\/uploads\/2020\/08\/slider-01-1536x1020.jpg 1536w, https:\/\/orchid-thai-house.de\/wp-content\/uploads\/2020\/08\/slider-01-2048x1360.jpg 2048w, https:\/\/orchid-thai-house.de\/wp-content\/uploads\/2020\/08\/slider-01-830x551.jpg 830w, https:\/\/orchid-thai-house.de\/wp-content\/uploads\/2020\/08\/slider-01-230x153.jpg 230w, https:\/\/orchid-thai-house.de\/wp-content\/uploads\/2020\/08\/slider-01-350x232.jpg 350w, https:\/\/orchid-thai-house.de\/wp-content\/uploads\/2020\/08\/slider-01-480x319.jpg 480w\" sizes=\"auto, (max-width: 1024px) 100vw, 1024px\" \/><\/figure>\n\n\n\n<figure class=\"wp-block-image size-large\"><img loading=\"lazy\" decoding=\"async\" width=\"1024\" height=\"680\" data-id=\"22\" src=\"https:\/\/orchid-thai-house.de\/wp-content\/uploads\/2020\/08\/slider-11-1024x680.jpg\" alt=\"\" class=\"wp-image-22\" srcset=\"https:\/\/orchid-thai-house.de\/wp-content\/uploads\/2020\/08\/slider-11-1024x680.jpg 1024w, https:\/\/orchid-thai-house.de\/wp-content\/uploads\/2020\/08\/slider-11-300x199.jpg 300w, https:\/\/orchid-thai-house.de\/wp-content\/uploads\/2020\/08\/slider-11-768x510.jpg 768w, https:\/\/orchid-thai-house.de\/wp-content\/uploads\/2020\/08\/slider-11-1536x1020.jpg 1536w, https:\/\/orchid-thai-house.de\/wp-content\/uploads\/2020\/08\/slider-11-2048x1360.jpg 2048w, https:\/\/orchid-thai-house.de\/wp-content\/uploads\/2020\/08\/slider-11-830x551.jpg 830w, https:\/\/orchid-thai-house.de\/wp-content\/uploads\/2020\/08\/slider-11-230x153.jpg 230w, https:\/\/orchid-thai-house.de\/wp-content\/uploads\/2020\/08\/slider-11-350x232.jpg 350w, https:\/\/orchid-thai-house.de\/wp-content\/uploads\/2020\/08\/slider-11-480x319.jpg 480w\" sizes=\"auto, (max-width: 1024px) 100vw, 1024px\" \/><\/figure>\n<\/figure>\n","protected":false},"excerpt":{"rendered":"<p>Das Orchid Thai House ist ein kleines gem\u00fctliches Restaurant mit thail\u00e4ndischer K\u00fcche. Sie finden uns in Wolfsburg, Willy-Brandt-Platz 4.An diesem Standort bewirten [&hellip;]<\/p>\n","protected":false},"author":1,"featured_media":0,"parent":0,"menu_order":0,"comment_status":"closed","ping_status":"closed","template":"","meta":{"footnotes":""},"class_list":["post-37","page","type-page","status-publish","hentry"],"_links":{"self":[{"href":"https:\/\/orchid-thai-house.de\/index.php?rest_route=\/wp\/v2\/pages\/37","targetHints":{"allow":["GET"]}}],"collection":[{"href":"https:\/\/orchid-thai-house.de\/index.php?rest_route=\/wp\/v2\/pages"}],"about":[{"href":"https:\/\/orchid-thai-house.de\/index.php?rest_route=\/wp\/v2\/types\/page"}],"author":[{"embeddable":true,"href":"https:\/\/orchid-thai-house.de\/index.php?rest_route=\/wp\/v2\/users\/1"}],"replies":[{"embeddable":true,"href":"https:\/\/orchid-thai-house.de\/index.php?rest_route=%2Fwp%2Fv2%2Fcomments&post=37"}],"version-history":[{"count":6,"href":"https:\/\/orchid-thai-house.de\/index.php?rest_route=\/wp\/v2\/pages\/37\/revisions"}],"predecessor-version":[{"id":651,"href":"https:\/\/orchid-thai-house.de\/index.php?rest_route=\/wp\/v2\/pages\/37\/revisions\/651"}],"wp:attachment":[{"href":"https:\/\/orchid-thai-house.de\/index.php?rest_route=%2Fwp%2Fv2%2Fmedia&parent=37"}],"curies":[{"name":"wp","href":"https:\/\/api.w.org\/{rel}","templated":true}]}}