{"id":39,"date":"2023-04-07T22:19:46","date_gmt":"2023-04-07T20:19:46","guid":{"rendered":"https:\/\/dev.orchid-thai-house.de\/?page_id=39"},"modified":"2025-07-07T17:01:12","modified_gmt":"2025-07-07T15:01:12","slug":"oeffnungszeiten","status":"publish","type":"page","link":"https:\/\/orchid-thai-house.de\/?page_id=39","title":{"rendered":"\u00d6ffnungszeiten"},"content":{"rendered":"\n<p><strong>###########<\/strong><\/p>\n\n\n\n<p><strong>Vom Montag dem 21.07.2025 bis Mittwoch dem 13.08.2025 befindet sich das Team des Orchid-Thai-House im Betriebsurlaub. Wir freuen uns, Sie ab dem 14.08.2025 wieder als unsere G\u00e4ste begr\u00fc\u00dfen zu d\u00fcrfen.<\/strong><\/p>\n\n\n\n<p><strong>###########<\/strong><\/p>\n\n\n\n<p>Dienstags und Mittwochs Ruhetag<\/p>\n\n\n\n<p>&#8211; &#8211; &#8211; &#8211; &#8211; &#8211; &#8211; <\/p>\n\n\n\n<p>Montags und Donnerstags bis Samstags<\/p>\n\n\n\n<p>11:30 bis 14:30 Uhr und 17:30 bis 21:00 Uhr<\/p>\n\n\n\n<p>&#8211; &#8211; &#8211; &#8211; &#8211; &#8211; &#8211; <\/p>\n\n\n\n<p>Sonn- und Feiertags:<\/p>\n\n\n\n<p>11:30 bis 14:30 Uhr und 17:30 bis 21:00 Uhr<\/p>\n","protected":false},"excerpt":{"rendered":"<p>########### Vom Montag dem 21.07.2025 bis Mittwoch dem 13.08.2025 befindet sich das Team des Orchid-Thai-House im Betriebsurlaub. Wir freuen uns, Sie ab [&hellip;]<\/p>\n","protected":false},"author":1,"featured_media":0,"parent":0,"menu_order":0,"comment_status":"closed","ping_status":"closed","template":"","meta":{"footnotes":""},"class_list":["post-39","page","type-page","status-publish","hentry"],"_links":{"self":[{"href":"https:\/\/orchid-thai-house.de\/index.php?rest_route=\/wp\/v2\/pages\/39","targetHints":{"allow":["GET"]}}],"collection":[{"href":"https:\/\/orchid-thai-house.de\/index.php?rest_route=\/wp\/v2\/pages"}],"about":[{"href":"https:\/\/orchid-thai-house.de\/index.php?rest_route=\/wp\/v2\/types\/page"}],"author":[{"embeddable":true,"href":"https:\/\/orchid-thai-house.de\/index.php?rest_route=\/wp\/v2\/users\/1"}],"replies":[{"embeddable":true,"href":"https:\/\/orchid-thai-house.de\/index.php?rest_route=%2Fwp%2Fv2%2Fcomments&post=39"}],"version-history":[{"count":11,"href":"https:\/\/orchid-thai-house.de\/index.php?rest_route=\/wp\/v2\/pages\/39\/revisions"}],"predecessor-version":[{"id":711,"href":"https:\/\/orchid-thai-house.de\/index.php?rest_route=\/wp\/v2\/pages\/39\/revisions\/711"}],"wp:attachment":[{"href":"https:\/\/orchid-thai-house.de\/index.php?rest_route=%2Fwp%2Fv2%2Fmedia&parent=39"}],"curies":[{"name":"wp","href":"https:\/\/api.w.org\/{rel}","templated":true}]}}