{"id":43,"date":"2020-08-07T16:04:44","date_gmt":"2020-08-07T14:04:44","guid":{"rendered":"https:\/\/dev.orchid-thai-house.de\/?page_id=43"},"modified":"2023-04-07T23:23:21","modified_gmt":"2023-04-07T21:23:21","slug":"anfahrt","status":"publish","type":"page","link":"https:\/\/orchid-thai-house.de\/?page_id=43","title":{"rendered":"Anfahrt"},"content":{"rendered":"\n<figure><iframe loading=\"lazy\" src=\"https:\/\/www.google.com\/maps\/embed?pb=!1m14!1m8!1m3!1d469.2937406449886!2d10.787919636741929!3d52.42859590663158!3m2!1i1024!2i768!4f13.1!3m3!1m2!1s0x47af93b40a408d1f%3A0x3293c11b6e262438!2sOrchid%20Thai%20House!5e0!3m2!1sde!2sde!4v1602144743929!5m2!1sde!2sde\" width=\"600\" height=\"450\" allowfullscreen=\"\"><\/iframe><\/figure>\n\n\n\n<p>Sie finden uns:<\/p>\n\n\n\n<p>Direkt gegen\u00fcber von Hauptbahnhof Wolfsburg, \u00fcber den Fu\u00dfg\u00e4nger\u00fcberweg.<\/p>\n\n\n\n<p>Am Willy-Brandt-Platz 4, 38440 Wolfsburg.<\/p>\n\n\n\n<p>Zufahrt \u00fcber die He\u00dflinger Stra\u00dfe wenn Sie \u00fcber die Berliner Br\u00fccke kommen oder von der Heinrich-Nordhoff-Stra\u00dfe wenn Sie aus Richtung Fallersleben kommen.<\/p>\n\n\n\n<p><\/p>\n\n\n\n<p>Parkpl\u00e4tze befinden sich direkt unter dem Restaurant in dem zum Geb\u00e4ude geh\u00f6renden Parkhaus oder beim Bahnhof sowie am Phaeno Wolfsburg.<\/p>\n","protected":false},"excerpt":{"rendered":"<p>Sie finden uns: Direkt gegen\u00fcber von Hauptbahnhof Wolfsburg, \u00fcber den Fu\u00dfg\u00e4nger\u00fcberweg. Am Willy-Brandt-Platz 4, 38440 Wolfsburg. Zufahrt \u00fcber die He\u00dflinger Stra\u00dfe wenn [&hellip;]<\/p>\n","protected":false},"author":1,"featured_media":0,"parent":0,"menu_order":0,"comment_status":"closed","ping_status":"closed","template":"","meta":{"footnotes":""},"class_list":["post-43","page","type-page","status-publish","hentry"],"_links":{"self":[{"href":"https:\/\/orchid-thai-house.de\/index.php?rest_route=\/wp\/v2\/pages\/43","targetHints":{"allow":["GET"]}}],"collection":[{"href":"https:\/\/orchid-thai-house.de\/index.php?rest_route=\/wp\/v2\/pages"}],"about":[{"href":"https:\/\/orchid-thai-house.de\/index.php?rest_route=\/wp\/v2\/types\/page"}],"author":[{"embeddable":true,"href":"https:\/\/orchid-thai-house.de\/index.php?rest_route=\/wp\/v2\/users\/1"}],"replies":[{"embeddable":true,"href":"https:\/\/orchid-thai-house.de\/index.php?rest_route=%2Fwp%2Fv2%2Fcomments&post=43"}],"version-history":[{"count":4,"href":"https:\/\/orchid-thai-house.de\/index.php?rest_route=\/wp\/v2\/pages\/43\/revisions"}],"predecessor-version":[{"id":93,"href":"https:\/\/orchid-thai-house.de\/index.php?rest_route=\/wp\/v2\/pages\/43\/revisions\/93"}],"wp:attachment":[{"href":"https:\/\/orchid-thai-house.de\/index.php?rest_route=%2Fwp%2Fv2%2Fmedia&parent=43"}],"curies":[{"name":"wp","href":"https:\/\/api.w.org\/{rel}","templated":true}]}}